{"id":40,"date":"2021-06-23T16:02:39","date_gmt":"2021-06-23T14:02:39","guid":{"rendered":"https:\/\/secretsdesfees.com\/?post_type=product&#038;p=40"},"modified":"2025-12-27T16:48:42","modified_gmt":"2025-12-27T15:48:42","slug":"laines-naturelles","status":"publish","type":"product","link":"https:\/\/secretsdesfees.com\/index.php\/product\/laines-naturelles\/","title":{"rendered":"Laines naturelles blanches"},"content":{"rendered":"<p><img decoding=\"async\" loading=\"lazy\" class=\"wp-image-38 alignleft\" src=\"https:\/\/secretsdesfees.com\/wp-content\/uploads\/2021\/06\/20210402_173036-138x300.jpg\" alt=\"\" width=\"119\" height=\"259\" srcset=\"https:\/\/secretsdesfees.com\/wp-content\/uploads\/2021\/06\/20210402_173036-138x300.jpg 138w, https:\/\/secretsdesfees.com\/wp-content\/uploads\/2021\/06\/20210402_173036-472x1024.jpg 472w, https:\/\/secretsdesfees.com\/wp-content\/uploads\/2021\/06\/20210402_173036-768x1665.jpg 768w, https:\/\/secretsdesfees.com\/wp-content\/uploads\/2021\/06\/20210402_173036-709x1536.jpg 709w, https:\/\/secretsdesfees.com\/wp-content\/uploads\/2021\/06\/20210402_173036-945x2048.jpg 945w, https:\/\/secretsdesfees.com\/wp-content\/uploads\/2021\/06\/20210402_173036-1320x2861.jpg 1320w, https:\/\/secretsdesfees.com\/wp-content\/uploads\/2021\/06\/20210402_173036-600x1301.jpg 600w, https:\/\/secretsdesfees.com\/wp-content\/uploads\/2021\/06\/20210402_173036-scaled.jpg 1181w\" sizes=\"(max-width: 119px) 100vw, 119px\" \/> Laines naturelles provenant de petits \u00e9levages belges.<\/p>\n<p>Ces laines non teintes, sont fil\u00e9es \u00e0 la main, au rouet<\/p>\n<p>Deux fils sont assembl\u00e9s en un fil robuste et rustique, id\u00e9al pour les &#8220;bons&#8221; tricots d&#8217;hiver.<\/p>\n<p>Aiguilles \u00e0 tricoter de<em><strong> 5 \u00e0 8<\/strong><\/em><\/p>\n<p><em><strong>laine blanche Texel\u00a0 100gr : 8\u20ac<\/strong> <\/em><\/p>\n<p>Blanche (TEXEL) 8\u20ac les 100gr (double fils) &#8211; 4\u20ac les 50gr<\/p>\n<p>Grise 8\u20ac les 100gr (double fils)<\/p>\n","protected":false},"excerpt":{"rendered":"<p>Laines naturelles provenant de petits \u00e9levages belges. Ces laines non teintes, sont fil\u00e9es \u00e0 la main, au rouet Deux fils sont assembl\u00e9s en un fil robuste et rustique, id\u00e9al pour les &#8220;bons&#8221; tricots d&#8217;hiver. Aiguilles \u00e0 tricoter de 5 \u00e0 8 laine blanche Texel\u00a0 100gr : 8\u20ac Blanche (TEXEL) 8\u20ac les 100gr (double fils) &#8211;&hellip;&nbsp;<a href=\"https:\/\/secretsdesfees.com\/index.php\/product\/laines-naturelles\/\" class=\"\" rel=\"bookmark\">Read More &raquo;<span class=\"screen-reader-text\">Laines naturelles blanches<\/span><\/a><\/p>\n","protected":false},"featured_media":84,"comment_status":"open","ping_status":"closed","template":"","meta":{"om_disable_all_campaigns":false,"_monsterinsights_skip_tracking":false,"_monsterinsights_sitenote_active":false,"_monsterinsights_sitenote_note":"","_monsterinsights_sitenote_category":0,"neve_meta_sidebar":"","neve_meta_container":"","neve_meta_enable_content_width":"","neve_meta_content_width":0,"neve_meta_title_alignment":"","neve_meta_author_avatar":"","neve_post_elements_order":"","neve_meta_disable_header":"","neve_meta_disable_footer":"","neve_meta_disable_title":"","spay_email":""},"product_cat":[16],"product_tag":[],"_links":{"self":[{"href":"https:\/\/secretsdesfees.com\/index.php\/wp-json\/wp\/v2\/product\/40"}],"collection":[{"href":"https:\/\/secretsdesfees.com\/index.php\/wp-json\/wp\/v2\/product"}],"about":[{"href":"https:\/\/secretsdesfees.com\/index.php\/wp-json\/wp\/v2\/types\/product"}],"replies":[{"embeddable":true,"href":"https:\/\/secretsdesfees.com\/index.php\/wp-json\/wp\/v2\/comments?post=40"}],"wp:featuredmedia":[{"embeddable":true,"href":"https:\/\/secretsdesfees.com\/index.php\/wp-json\/wp\/v2\/media\/84"}],"wp:attachment":[{"href":"https:\/\/secretsdesfees.com\/index.php\/wp-json\/wp\/v2\/media?parent=40"}],"wp:term":[{"taxonomy":"product_cat","embeddable":true,"href":"https:\/\/secretsdesfees.com\/index.php\/wp-json\/wp\/v2\/product_cat?post=40"},{"taxonomy":"product_tag","embeddable":true,"href":"https:\/\/secretsdesfees.com\/index.php\/wp-json\/wp\/v2\/product_tag?post=40"}],"curies":[{"name":"wp","href":"https:\/\/api.w.org\/{rel}","templated":true}]}}